{"id":366490,"date":"2026-04-01T16:07:56","date_gmt":"2026-04-01T13:07:56","guid":{"rendered":"https:\/\/mediagear.ee\/product\/bw-outdoor-cases-type-7300-black-foam-insert-69cd18b722d7f\/"},"modified":"2026-04-02T10:16:55","modified_gmt":"2026-04-02T07:16:55","slug":"bw-outdoor-cases-type-7300-black-foam-insert","status":"publish","type":"product","link":"https:\/\/mediagear.ee\/fi\/tuote\/bw-outdoor-cases-type-7300-black-foam-insert\/","title":{"rendered":"BW Outdoor Cases Type 7300 \/ Black (foam insert)"},"content":{"rendered":"<p><strong>J\u00f5uline pikk korpus on multifunktsionaalne<\/strong><\/p>\n<p>Suure v\u00e4\u00e4rtusega, tundlike, ohutusega seotud ja kallite instrumentide, seadmete ja t\u00f6\u00f6riistade mobiilne kaitse. Eri transpordin\u00f5uetest kuni ni\u0161\u0161ide v\u00e4ljakutseteni elustiilini. T\u00f5estatud kuumuse ja k\u00fclma, tolmu ja pideva vihma, muda, ebakorrektse transpordi, kukkumise ja l\u00f6\u00f6kide korral. Valmis igaks v\u00e4ljakutseks.<\/p>\n<p>T\u00fc\u00fcp 7300 v\u00f5imaldab paindlikkust pakkimisel ja transportimisel. Tundlikud instrumendid on kindlustatud kohandatud vahtpol\u00fcstri v\u00f5i paindlike standardvahenditega. Kaitstud kukkumiste ja libisemiste eest. Vastupidav v\u00e4liskest peab vastu k\u00f5ikidele m\u00f5judele, nagu tolm, kuumus v\u00f5i vesi. Sertifitseeritud mitmel alal, on tagatud ohutu transport \u00f5hu-, mere- v\u00f5i maismaatranspordi teel.<\/p>\n<p><strong>K\u00f5ik omadused l\u00fchidalt<\/strong><\/p>\n<ul>\n<li>\u00c4\u00e4rmiselt vastupidav korpus: pol\u00fcprop\u00fcleenist (PP) valmistatud kest.<\/li>\n<li>Sertifitseeritud vastavalt STANAG 4280, DEF STAN 81-41 ja ATA 300.<\/li>\n<li>Stackable (virnastatav)<\/li>\n<li>Tolmukindel<\/li>\n<li>Veekindel (IP67 klassifikatsioon)<\/li>\n<li>Temperatuuristabiilne alates -30 \u00b0C kuni 80 \u00b0C<\/li>\n<li>\u00d5huk\u00f5lblik: automaatne \u00f5hur\u00f5hu tasandusventiil<\/li>\n<li>Kaks aasalukkude jaoks (\u00d8 7 mm)<\/li>\n<li>Sisem\u00f5\u00f5tmed: 1080 x 430 x 310 mm<\/li>\n<li>V\u00e4lism\u00f5\u00f5tmed: 1150 x 500 x 330 mm<\/li>\n<li>Kaal: 10,7 kg<\/li>\n<li>Mahutavus: 145 L<\/li>\n<li>Kummeeritud k\u00e4epide<\/li>\n<li>30-aastane garantii<\/li>\n<\/ul>\n<p><em>P\u00f6\u00f6rake t\u00e4helepanu, see versioon on vahtplastiga<\/em><\/p>\n","protected":false},"excerpt":{"rendered":"<p>Type 7300 allow flexibility in packing and transport. Sensitive instruments are secured with custom foam inlays or flexible standard foams. Protected from drops and slips. The robust outer shell withstands all influences such as dust, heat or water. Certified in several areas, safe transport by air, sea or land is guaranteed.<\/p>\n","protected":false},"featured_media":366476,"template":"","meta":{"_acf_changed":false},"brand":[6890],"product_cat":[5977],"product_tag":[],"inventory":[],"class_list":{"0":"post-366490","1":"product","2":"type-product","3":"status-publish","4":"has-post-thumbnail","6":"brand-bw","7":"product_cat-hard-cases-fi","9":"first","10":"onbackorder","11":"taxable","12":"shipping-taxable","13":"purchasable","14":"product-type-simple"},"acf":[],"yoast_head":"<!-- This site is optimized with the Yoast SEO plugin v27.1.1 - https:\/\/yoast.com\/product\/yoast-seo-wordpress\/ -->\n<title>BW Outdoor Cases Type 7300 \/ Black (foam insert) - MediaGear<\/title>\n<meta name=\"description\" content=\"Type 7300 allow flexibility in packing and transport. Sensitive instruments are secured with custom foam inlays or flexible standard foams. Protect...\" \/>\n<meta name=\"robots\" content=\"index, follow, max-snippet:-1, max-image-preview:large, max-video-preview:-1\" \/>\n<link rel=\"canonical\" href=\"https:\/\/mediagear.ee\/fi\/tuote\/bw-outdoor-cases-type-7300-black-foam-insert\/\" \/>\n<meta property=\"og:locale\" content=\"fi_FI\" \/>\n<meta property=\"og:type\" content=\"article\" \/>\n<meta property=\"og:title\" content=\"BW Outdoor Cases Type 7300 \/ Black (foam insert) - MediaGear\" \/>\n<meta property=\"og:description\" content=\"Type 7300 allow flexibility in packing and transport. Sensitive instruments are secured with custom foam inlays or flexible standard foams. Protect...\" \/>\n<meta property=\"og:url\" content=\"https:\/\/mediagear.ee\/fi\/tuote\/bw-outdoor-cases-type-7300-black-foam-insert\/\" \/>\n<meta property=\"og:site_name\" content=\"MediaGear\" \/>\n<meta property=\"article:publisher\" content=\"https:\/\/www.facebook.com\/Mediagear.ee\/\" \/>\n<meta property=\"article:modified_time\" content=\"2026-04-02T07:16:55+00:00\" \/>\n<meta property=\"og:image\" content=\"https:\/\/mediagear.ee\/wp-content\/uploads\/2026\/04\/bw-outdoor-cases-type-7300-black-foam-insert-1.png\" \/>\n\t<meta property=\"og:image:width\" content=\"800\" \/>\n\t<meta property=\"og:image:height\" content=\"689\" \/>\n\t<meta property=\"og:image:type\" content=\"image\/png\" \/>\n<meta name=\"twitter:card\" content=\"summary_large_image\" \/>\n<meta name=\"twitter:label1\" content=\"Arvioitu lukuaika\" \/>\n\t<meta name=\"twitter:data1\" content=\"1 minuutti\" \/>\n<script type=\"application\/ld+json\" class=\"yoast-schema-graph\">{\"@context\":\"https:\/\/schema.org\",\"@graph\":[{\"@type\":\"WebPage\",\"@id\":\"https:\/\/mediagear.ee\/fi\/tuote\/bw-outdoor-cases-type-7300-black-foam-insert\/\",\"url\":\"https:\/\/mediagear.ee\/fi\/tuote\/bw-outdoor-cases-type-7300-black-foam-insert\/\",\"name\":\"BW Outdoor Cases Type 7300 \/ Black (foam insert) - MediaGear\",\"isPartOf\":{\"@id\":\"https:\/\/mediagear.ee\/fi\/#website\"},\"primaryImageOfPage\":{\"@id\":\"https:\/\/mediagear.ee\/fi\/tuote\/bw-outdoor-cases-type-7300-black-foam-insert\/#primaryimage\"},\"image\":{\"@id\":\"https:\/\/mediagear.ee\/fi\/tuote\/bw-outdoor-cases-type-7300-black-foam-insert\/#primaryimage\"},\"thumbnailUrl\":\"https:\/\/mediagear.ee\/wp-content\/uploads\/2026\/04\/bw-outdoor-cases-type-7300-black-foam-insert-1.png\",\"datePublished\":\"2026-04-01T13:07:56+00:00\",\"dateModified\":\"2026-04-02T07:16:55+00:00\",\"description\":\"Type 7300 allow flexibility in packing and transport. Sensitive instruments are secured with custom foam inlays or flexible standard foams. Protect...\",\"breadcrumb\":{\"@id\":\"https:\/\/mediagear.ee\/fi\/tuote\/bw-outdoor-cases-type-7300-black-foam-insert\/#breadcrumb\"},\"inLanguage\":\"fi\",\"potentialAction\":[{\"@type\":\"ReadAction\",\"target\":[\"https:\/\/mediagear.ee\/fi\/tuote\/bw-outdoor-cases-type-7300-black-foam-insert\/\"]}]},{\"@type\":\"ImageObject\",\"inLanguage\":\"fi\",\"@id\":\"https:\/\/mediagear.ee\/fi\/tuote\/bw-outdoor-cases-type-7300-black-foam-insert\/#primaryimage\",\"url\":\"https:\/\/mediagear.ee\/wp-content\/uploads\/2026\/04\/bw-outdoor-cases-type-7300-black-foam-insert-1.png\",\"contentUrl\":\"https:\/\/mediagear.ee\/wp-content\/uploads\/2026\/04\/bw-outdoor-cases-type-7300-black-foam-insert-1.png\",\"width\":800,\"height\":689},{\"@type\":\"BreadcrumbList\",\"@id\":\"https:\/\/mediagear.ee\/fi\/tuote\/bw-outdoor-cases-type-7300-black-foam-insert\/#breadcrumb\",\"itemListElement\":[{\"@type\":\"ListItem\",\"position\":1,\"name\":\"Home\",\"item\":\"https:\/\/mediagear.ee\/fi\/\"},{\"@type\":\"ListItem\",\"position\":2,\"name\":\"Pro video- ja \u00e4\u00e4nilaitteiden kauppa\",\"item\":\"https:\/\/mediagear.ee\/fi\/kauppa\/\"},{\"@type\":\"ListItem\",\"position\":3,\"name\":\"LAUKUT JA LAATIKOT\",\"item\":\"https:\/\/mediagear.ee\/fi\/tuote-osasto\/bags-cases\/\"},{\"@type\":\"ListItem\",\"position\":4,\"name\":\"Laatikot\",\"item\":\"https:\/\/mediagear.ee\/fi\/tuote-osasto\/bags-cases\/hard-cases-fi\/\"},{\"@type\":\"ListItem\",\"position\":5,\"name\":\"BW Outdoor Cases Type 7300 \/ Black (foam insert)\"}]},{\"@type\":\"WebSite\",\"@id\":\"https:\/\/mediagear.ee\/fi\/#website\",\"url\":\"https:\/\/mediagear.ee\/fi\/\",\"name\":\"MediaGear\",\"description\":\"Full-service solutions in AV equipment\",\"publisher\":{\"@id\":\"https:\/\/mediagear.ee\/fi\/#organization\"},\"potentialAction\":[{\"@type\":\"SearchAction\",\"target\":{\"@type\":\"EntryPoint\",\"urlTemplate\":\"https:\/\/mediagear.ee\/fi\/?s={search_term_string}\"},\"query-input\":{\"@type\":\"PropertyValueSpecification\",\"valueRequired\":true,\"valueName\":\"search_term_string\"}}],\"inLanguage\":\"fi\"},{\"@type\":\"Organization\",\"@id\":\"https:\/\/mediagear.ee\/fi\/#organization\",\"name\":\"Mediagear\",\"url\":\"https:\/\/mediagear.ee\/fi\/\",\"logo\":{\"@type\":\"ImageObject\",\"inLanguage\":\"fi\",\"@id\":\"https:\/\/mediagear.ee\/fi\/#\/schema\/logo\/image\/\",\"url\":\"http:\/\/mediagear.ee\/wp-content\/uploads\/2024\/05\/MediaGear-logo-transp.png\",\"contentUrl\":\"http:\/\/mediagear.ee\/wp-content\/uploads\/2024\/05\/MediaGear-logo-transp.png\",\"width\":600,\"height\":200,\"caption\":\"Mediagear\"},\"image\":{\"@id\":\"https:\/\/mediagear.ee\/fi\/#\/schema\/logo\/image\/\"},\"sameAs\":[\"https:\/\/www.facebook.com\/Mediagear.ee\/\",\"https:\/\/www.instagram.com\/mediagear_ee\/\"]}]}<\/script>\n<!-- \/ Yoast SEO plugin. -->","yoast_head_json":{"title":"BW Outdoor Cases Type 7300 \/ Black (foam insert) - MediaGear","description":"Type 7300 allow flexibility in packing and transport. Sensitive instruments are secured with custom foam inlays or flexible standard foams. Protect...","robots":{"index":"index","follow":"follow","max-snippet":"max-snippet:-1","max-image-preview":"max-image-preview:large","max-video-preview":"max-video-preview:-1"},"canonical":"https:\/\/mediagear.ee\/fi\/tuote\/bw-outdoor-cases-type-7300-black-foam-insert\/","og_locale":"fi_FI","og_type":"article","og_title":"BW Outdoor Cases Type 7300 \/ Black (foam insert) - MediaGear","og_description":"Type 7300 allow flexibility in packing and transport. Sensitive instruments are secured with custom foam inlays or flexible standard foams. Protect...","og_url":"https:\/\/mediagear.ee\/fi\/tuote\/bw-outdoor-cases-type-7300-black-foam-insert\/","og_site_name":"MediaGear","article_publisher":"https:\/\/www.facebook.com\/Mediagear.ee\/","article_modified_time":"2026-04-02T07:16:55+00:00","og_image":[{"width":800,"height":689,"url":"https:\/\/mediagear.ee\/wp-content\/uploads\/2026\/04\/bw-outdoor-cases-type-7300-black-foam-insert-1.png","type":"image\/png"}],"twitter_card":"summary_large_image","twitter_misc":{"Arvioitu lukuaika":"1 minuutti"},"schema":{"@context":"https:\/\/schema.org","@graph":[{"@type":"WebPage","@id":"https:\/\/mediagear.ee\/fi\/tuote\/bw-outdoor-cases-type-7300-black-foam-insert\/","url":"https:\/\/mediagear.ee\/fi\/tuote\/bw-outdoor-cases-type-7300-black-foam-insert\/","name":"BW Outdoor Cases Type 7300 \/ Black (foam insert) - MediaGear","isPartOf":{"@id":"https:\/\/mediagear.ee\/fi\/#website"},"primaryImageOfPage":{"@id":"https:\/\/mediagear.ee\/fi\/tuote\/bw-outdoor-cases-type-7300-black-foam-insert\/#primaryimage"},"image":{"@id":"https:\/\/mediagear.ee\/fi\/tuote\/bw-outdoor-cases-type-7300-black-foam-insert\/#primaryimage"},"thumbnailUrl":"https:\/\/mediagear.ee\/wp-content\/uploads\/2026\/04\/bw-outdoor-cases-type-7300-black-foam-insert-1.png","datePublished":"2026-04-01T13:07:56+00:00","dateModified":"2026-04-02T07:16:55+00:00","description":"Type 7300 allow flexibility in packing and transport. Sensitive instruments are secured with custom foam inlays or flexible standard foams. Protect...","breadcrumb":{"@id":"https:\/\/mediagear.ee\/fi\/tuote\/bw-outdoor-cases-type-7300-black-foam-insert\/#breadcrumb"},"inLanguage":"fi","potentialAction":[{"@type":"ReadAction","target":["https:\/\/mediagear.ee\/fi\/tuote\/bw-outdoor-cases-type-7300-black-foam-insert\/"]}]},{"@type":"ImageObject","inLanguage":"fi","@id":"https:\/\/mediagear.ee\/fi\/tuote\/bw-outdoor-cases-type-7300-black-foam-insert\/#primaryimage","url":"https:\/\/mediagear.ee\/wp-content\/uploads\/2026\/04\/bw-outdoor-cases-type-7300-black-foam-insert-1.png","contentUrl":"https:\/\/mediagear.ee\/wp-content\/uploads\/2026\/04\/bw-outdoor-cases-type-7300-black-foam-insert-1.png","width":800,"height":689},{"@type":"BreadcrumbList","@id":"https:\/\/mediagear.ee\/fi\/tuote\/bw-outdoor-cases-type-7300-black-foam-insert\/#breadcrumb","itemListElement":[{"@type":"ListItem","position":1,"name":"Home","item":"https:\/\/mediagear.ee\/fi\/"},{"@type":"ListItem","position":2,"name":"Pro video- ja \u00e4\u00e4nilaitteiden kauppa","item":"https:\/\/mediagear.ee\/fi\/kauppa\/"},{"@type":"ListItem","position":3,"name":"LAUKUT JA LAATIKOT","item":"https:\/\/mediagear.ee\/fi\/tuote-osasto\/bags-cases\/"},{"@type":"ListItem","position":4,"name":"Laatikot","item":"https:\/\/mediagear.ee\/fi\/tuote-osasto\/bags-cases\/hard-cases-fi\/"},{"@type":"ListItem","position":5,"name":"BW Outdoor Cases Type 7300 \/ Black (foam insert)"}]},{"@type":"WebSite","@id":"https:\/\/mediagear.ee\/fi\/#website","url":"https:\/\/mediagear.ee\/fi\/","name":"MediaGear","description":"Full-service solutions in AV equipment","publisher":{"@id":"https:\/\/mediagear.ee\/fi\/#organization"},"potentialAction":[{"@type":"SearchAction","target":{"@type":"EntryPoint","urlTemplate":"https:\/\/mediagear.ee\/fi\/?s={search_term_string}"},"query-input":{"@type":"PropertyValueSpecification","valueRequired":true,"valueName":"search_term_string"}}],"inLanguage":"fi"},{"@type":"Organization","@id":"https:\/\/mediagear.ee\/fi\/#organization","name":"Mediagear","url":"https:\/\/mediagear.ee\/fi\/","logo":{"@type":"ImageObject","inLanguage":"fi","@id":"https:\/\/mediagear.ee\/fi\/#\/schema\/logo\/image\/","url":"http:\/\/mediagear.ee\/wp-content\/uploads\/2024\/05\/MediaGear-logo-transp.png","contentUrl":"http:\/\/mediagear.ee\/wp-content\/uploads\/2024\/05\/MediaGear-logo-transp.png","width":600,"height":200,"caption":"Mediagear"},"image":{"@id":"https:\/\/mediagear.ee\/fi\/#\/schema\/logo\/image\/"},"sameAs":["https:\/\/www.facebook.com\/Mediagear.ee\/","https:\/\/www.instagram.com\/mediagear_ee\/"]}]}},"_links":{"self":[{"href":"https:\/\/mediagear.ee\/fi\/wp-json\/wp\/v2\/product\/366490","targetHints":{"allow":["GET"]}}],"collection":[{"href":"https:\/\/mediagear.ee\/fi\/wp-json\/wp\/v2\/product"}],"about":[{"href":"https:\/\/mediagear.ee\/fi\/wp-json\/wp\/v2\/types\/product"}],"wp:featuredmedia":[{"embeddable":true,"href":"https:\/\/mediagear.ee\/fi\/wp-json\/wp\/v2\/media\/366476"}],"wp:attachment":[{"href":"https:\/\/mediagear.ee\/fi\/wp-json\/wp\/v2\/media?parent=366490"}],"wp:term":[{"taxonomy":"brand","embeddable":true,"href":"https:\/\/mediagear.ee\/fi\/wp-json\/wp\/v2\/brand?post=366490"},{"taxonomy":"product_cat","embeddable":true,"href":"https:\/\/mediagear.ee\/fi\/wp-json\/wp\/v2\/product_cat?post=366490"},{"taxonomy":"product_tag","embeddable":true,"href":"https:\/\/mediagear.ee\/fi\/wp-json\/wp\/v2\/product_tag?post=366490"},{"taxonomy":"inventory","embeddable":true,"href":"https:\/\/mediagear.ee\/fi\/wp-json\/wp\/v2\/inventory?post=366490"}],"curies":[{"name":"wp","href":"https:\/\/api.w.org\/{rel}","templated":true}]}}