{"id":368420,"date":"2026-04-06T15:36:49","date_gmt":"2026-04-06T12:36:49","guid":{"rendered":"https:\/\/mediagear.ee\/product\/nanlite-mixpad-11c-ii-rgbww-led-panel-69d3a8ecdb9d7\/"},"modified":"2026-04-06T15:38:29","modified_gmt":"2026-04-06T12:38:29","slug":"nanlite-mixpad-11c-ii-rgbww-led-panel","status":"publish","type":"product","link":"https:\/\/mediagear.ee\/fi\/tuote\/nanlite-mixpad-11c-ii-rgbww-led-panel\/","title":{"rendered":"NANLITE MixPad 11C II  RGBWW LED Panel"},"content":{"rendered":"<h4><strong>Nanlite Mixpad II 11C RGBWW tugeva ja pehme valgusega LED paneel<\/strong><\/h4>\n<p>\u00d5huke ja kerge valgusti (16,51 x 3,5 x 11,9 cm), millel on muljetavaldavalt ere valgusvoog oma suuruse kohta ja ainulaadne v\u00f5ime teha vahetus traditsioonilise mitme LED lambiga rivi, hajutava SMD LED paneeli ning h\u00e4\u00e4lestatava RGB rivi vahel \u00fche nupuvajutusega. Seadmel MixPad II 11C on ka 0-st 100%-ni h\u00e4mardus, 842 luksine v\u00e4ljund \u00fche meetri juures 5600 K (tugeva valguse re\u017eiim), reguleeritav v\u00e4rvitemperatuuri vahemik (2700\u20136500 K) nihkega rohelisest magentapunaseni (saadavalt ainult tugeva valguse re\u017eiimis), 360-kraadine v\u00e4rvuse juhtimine 100 v\u00e4rvik\u00fcllastuse tasemega, CRI keskmine indeks 98 ja TLCI indeks 95. Seadet toidab vahelduvvooluadapter, Sony NP-F stiilis akud (m\u00fc\u00fcakse eraldi) v\u00f5i alalisvool D-tap kaabli kaudu (m\u00fc\u00fcakse eraldi).<\/p>\n<p><strong>Nanlite Mixpad II 11C RGBWW tugeva ja pehme valgusega LED paneel<\/strong><br \/>\nSee on \u00f5huke ja kerge valgusti (16,51 x 3,5 x 11,9 cm), millel on muljetavaldavalt ere valgusvoog oma suuruse kohta ja ainulaadne v\u00f5ime teha vahetus traditsioonilise mitme LED lambiga rivi, hajutava SMD LED paneeli ning h\u00e4\u00e4lestatava RGB rivi vahel \u00fche nupuvajutusega.<\/p>\n<p><strong>Stuudiokvaliteediga valgustid<\/strong><br \/>\nSeadmel Nanlite MixPad II 11C on reguleeritav v\u00e4rvitemperatuuri vahemik (2700\u20136500 K) nihkega rohelisest magentapunaseni, 360-kraadine v\u00e4rvuse juhtimine 100 v\u00e4rvik\u00fcllastuse tasemega, CRI keskmine indeks 98 ja TLCI indeks 95. (Nihe rohelisest magentapunaseni saadaval ainult tugeva valguse re\u017eiimis.)<\/p>\n<p><strong>V\u00f5imas v\u00e4ljund<\/strong><br \/>\n\u00dche meetri kauguselt kiirgab MixPad II 11C 842 luksi 5600 K tasakaalustatud valgust tugeva valguse re\u017eiimis, tagades ereduse taseme, mida leidub tavaliselt palju suuremates valgustites.<\/p>\n<p><strong>Kolme erineva LED valgusallika mitmek\u00fclgsus<\/strong><br \/>\nMixPad II 11C on v\u00f5imeline l\u00fclituma tugeva valguse jaoks m\u00f5eldud traditsioonilise multi-LED lampide rivi, pehme ja valguse jaoks m\u00f5eldud hajutava SMD LED paneeli ning h\u00e4\u00e4lestatava RGB paneeli vahel, et \u00fche nupuvajutusega luua v\u00e4rvilisi ja loomingulisi efekte.<\/p>\n<p><strong>Erakordselt \u00f5huke paneel<\/strong><br \/>\nMixPad II 11C, mis kaalub 340 g ja mille laius on 3,5 cm, v\u00f5tab minimaalselt ruumi mis tahes tarvikukotis, t\u00f6\u00f6laual videokonverentsi ajal v\u00f5i kaamerale kinnitatuna.<\/p>\n<p><strong>Mitu energiare\u017eiimi<\/strong><br \/>\nMixPad II 11C, mis on suurep\u00e4rane kasutamiseks nii stuudios kui ka v\u00f5tteplatsil, t\u00f6\u00f6tab kaasneva alalisvooluadapteri, Sony NP-F akude (ei sisaldu komplektis) v\u00f5i D-Tap kaabliga (ei sisaldu komplektis).<\/p>\n<p><strong>Omadused<\/strong><\/p>\n<ul>\n<li>Stuudiokvaliteediga valgustus<\/li>\n<li>Ja v\u00f5imas valgusvoog<\/li>\n<li>Lisaks kolme erineva LED valgusallika mitmek\u00fclgsus<\/li>\n<li>Erakordselt \u00f5hukeselt paneelilt<\/li>\n<li>Mitme energiare\u017eiimiga<\/li>\n<\/ul>\n<p><strong>Pakendis<\/strong><\/p>\n<ul>\n<li>Nanlite Mixpad II 11C RGBWW tugeva ja pehme valgusega LED paneel<\/li>\n<li>Toiteadapter<\/li>\n<li>Kaubam\u00e4rgi Nanlite kaheaastane piiratud garantii (registreerimise korral pikendatakse kolme aasta peale)<\/li>\n<\/ul>\n","protected":false},"excerpt":{"rendered":"<p>Hard and Soft Light LED Panel<\/p>\n","protected":false},"featured_media":368406,"template":"","meta":{"_acf_changed":false},"brand":[6022],"product_cat":[6112],"product_tag":[],"inventory":[],"class_list":{"0":"post-368420","1":"product","2":"type-product","3":"status-publish","4":"has-post-thumbnail","6":"brand-nanlite-fi","7":"product_cat-led-panels-fi","9":"first","10":"onbackorder","11":"taxable","12":"shipping-taxable","13":"purchasable","14":"product-type-simple"},"acf":[],"yoast_head":"<!-- This site is optimized with the Yoast SEO plugin v27.1.1 - https:\/\/yoast.com\/product\/yoast-seo-wordpress\/ -->\n<title>NANLITE MixPad 11C II RGBWW LED Panel - MediaGear<\/title>\n<meta name=\"description\" content=\"Hard and Soft Light LED Panel...\" \/>\n<meta name=\"robots\" content=\"index, follow, max-snippet:-1, max-image-preview:large, max-video-preview:-1\" \/>\n<link rel=\"canonical\" href=\"https:\/\/mediagear.ee\/fi\/tuote\/nanlite-mixpad-11c-ii-rgbww-led-panel\/\" \/>\n<meta property=\"og:locale\" content=\"fi_FI\" \/>\n<meta property=\"og:type\" content=\"article\" \/>\n<meta property=\"og:title\" content=\"NANLITE MixPad 11C II RGBWW LED Panel - MediaGear\" \/>\n<meta property=\"og:description\" content=\"Hard and Soft Light LED Panel...\" \/>\n<meta property=\"og:url\" content=\"https:\/\/mediagear.ee\/fi\/tuote\/nanlite-mixpad-11c-ii-rgbww-led-panel\/\" \/>\n<meta property=\"og:site_name\" content=\"MediaGear\" \/>\n<meta property=\"article:publisher\" content=\"https:\/\/www.facebook.com\/Mediagear.ee\/\" \/>\n<meta property=\"article:modified_time\" content=\"2026-04-06T12:38:29+00:00\" \/>\n<meta property=\"og:image\" content=\"https:\/\/mediagear.ee\/wp-content\/uploads\/2026\/04\/nanlite-mixpad-11c-ii-rgbww-led-panel-1.png\" \/>\n\t<meta property=\"og:image:width\" content=\"792\" \/>\n\t<meta property=\"og:image:height\" content=\"800\" \/>\n\t<meta property=\"og:image:type\" content=\"image\/png\" \/>\n<meta name=\"twitter:card\" content=\"summary_large_image\" \/>\n<meta name=\"twitter:label1\" content=\"Arvioitu lukuaika\" \/>\n\t<meta name=\"twitter:data1\" content=\"2 minuuttia\" \/>\n<script type=\"application\/ld+json\" class=\"yoast-schema-graph\">{\"@context\":\"https:\/\/schema.org\",\"@graph\":[{\"@type\":\"WebPage\",\"@id\":\"https:\/\/mediagear.ee\/fi\/tuote\/nanlite-mixpad-11c-ii-rgbww-led-panel\/\",\"url\":\"https:\/\/mediagear.ee\/fi\/tuote\/nanlite-mixpad-11c-ii-rgbww-led-panel\/\",\"name\":\"NANLITE MixPad 11C II RGBWW LED Panel - MediaGear\",\"isPartOf\":{\"@id\":\"https:\/\/mediagear.ee\/fi\/#website\"},\"primaryImageOfPage\":{\"@id\":\"https:\/\/mediagear.ee\/fi\/tuote\/nanlite-mixpad-11c-ii-rgbww-led-panel\/#primaryimage\"},\"image\":{\"@id\":\"https:\/\/mediagear.ee\/fi\/tuote\/nanlite-mixpad-11c-ii-rgbww-led-panel\/#primaryimage\"},\"thumbnailUrl\":\"https:\/\/mediagear.ee\/wp-content\/uploads\/2026\/04\/nanlite-mixpad-11c-ii-rgbww-led-panel-1.png\",\"datePublished\":\"2026-04-06T12:36:49+00:00\",\"dateModified\":\"2026-04-06T12:38:29+00:00\",\"description\":\"Hard and Soft Light LED Panel...\",\"breadcrumb\":{\"@id\":\"https:\/\/mediagear.ee\/fi\/tuote\/nanlite-mixpad-11c-ii-rgbww-led-panel\/#breadcrumb\"},\"inLanguage\":\"fi\",\"potentialAction\":[{\"@type\":\"ReadAction\",\"target\":[\"https:\/\/mediagear.ee\/fi\/tuote\/nanlite-mixpad-11c-ii-rgbww-led-panel\/\"]}]},{\"@type\":\"ImageObject\",\"inLanguage\":\"fi\",\"@id\":\"https:\/\/mediagear.ee\/fi\/tuote\/nanlite-mixpad-11c-ii-rgbww-led-panel\/#primaryimage\",\"url\":\"https:\/\/mediagear.ee\/wp-content\/uploads\/2026\/04\/nanlite-mixpad-11c-ii-rgbww-led-panel-1.png\",\"contentUrl\":\"https:\/\/mediagear.ee\/wp-content\/uploads\/2026\/04\/nanlite-mixpad-11c-ii-rgbww-led-panel-1.png\",\"width\":792,\"height\":800},{\"@type\":\"BreadcrumbList\",\"@id\":\"https:\/\/mediagear.ee\/fi\/tuote\/nanlite-mixpad-11c-ii-rgbww-led-panel\/#breadcrumb\",\"itemListElement\":[{\"@type\":\"ListItem\",\"position\":1,\"name\":\"Home\",\"item\":\"https:\/\/mediagear.ee\/fi\/\"},{\"@type\":\"ListItem\",\"position\":2,\"name\":\"Pro video- ja \u00e4\u00e4nilaitteiden kauppa\",\"item\":\"https:\/\/mediagear.ee\/fi\/kauppa\/\"},{\"@type\":\"ListItem\",\"position\":3,\"name\":\"VALAISU\",\"item\":\"https:\/\/mediagear.ee\/fi\/tuote-osasto\/lighting-fixtures-fi\/\"},{\"@type\":\"ListItem\",\"position\":4,\"name\":\"LED-paneelit\",\"item\":\"https:\/\/mediagear.ee\/fi\/tuote-osasto\/lighting-fixtures-fi\/led-panels-fi\/\"},{\"@type\":\"ListItem\",\"position\":5,\"name\":\"NANLITE MixPad 11C II RGBWW LED Panel\"}]},{\"@type\":\"WebSite\",\"@id\":\"https:\/\/mediagear.ee\/fi\/#website\",\"url\":\"https:\/\/mediagear.ee\/fi\/\",\"name\":\"MediaGear\",\"description\":\"Full-service solutions in AV equipment\",\"publisher\":{\"@id\":\"https:\/\/mediagear.ee\/fi\/#organization\"},\"potentialAction\":[{\"@type\":\"SearchAction\",\"target\":{\"@type\":\"EntryPoint\",\"urlTemplate\":\"https:\/\/mediagear.ee\/fi\/?s={search_term_string}\"},\"query-input\":{\"@type\":\"PropertyValueSpecification\",\"valueRequired\":true,\"valueName\":\"search_term_string\"}}],\"inLanguage\":\"fi\"},{\"@type\":\"Organization\",\"@id\":\"https:\/\/mediagear.ee\/fi\/#organization\",\"name\":\"Mediagear\",\"url\":\"https:\/\/mediagear.ee\/fi\/\",\"logo\":{\"@type\":\"ImageObject\",\"inLanguage\":\"fi\",\"@id\":\"https:\/\/mediagear.ee\/fi\/#\/schema\/logo\/image\/\",\"url\":\"http:\/\/mediagear.ee\/wp-content\/uploads\/2024\/05\/MediaGear-logo-transp.png\",\"contentUrl\":\"http:\/\/mediagear.ee\/wp-content\/uploads\/2024\/05\/MediaGear-logo-transp.png\",\"width\":600,\"height\":200,\"caption\":\"Mediagear\"},\"image\":{\"@id\":\"https:\/\/mediagear.ee\/fi\/#\/schema\/logo\/image\/\"},\"sameAs\":[\"https:\/\/www.facebook.com\/Mediagear.ee\/\",\"https:\/\/www.instagram.com\/mediagear_ee\/\"]}]}<\/script>\n<!-- \/ Yoast SEO plugin. -->","yoast_head_json":{"title":"NANLITE MixPad 11C II RGBWW LED Panel - MediaGear","description":"Hard and Soft Light LED Panel...","robots":{"index":"index","follow":"follow","max-snippet":"max-snippet:-1","max-image-preview":"max-image-preview:large","max-video-preview":"max-video-preview:-1"},"canonical":"https:\/\/mediagear.ee\/fi\/tuote\/nanlite-mixpad-11c-ii-rgbww-led-panel\/","og_locale":"fi_FI","og_type":"article","og_title":"NANLITE MixPad 11C II RGBWW LED Panel - MediaGear","og_description":"Hard and Soft Light LED Panel...","og_url":"https:\/\/mediagear.ee\/fi\/tuote\/nanlite-mixpad-11c-ii-rgbww-led-panel\/","og_site_name":"MediaGear","article_publisher":"https:\/\/www.facebook.com\/Mediagear.ee\/","article_modified_time":"2026-04-06T12:38:29+00:00","og_image":[{"width":792,"height":800,"url":"https:\/\/mediagear.ee\/wp-content\/uploads\/2026\/04\/nanlite-mixpad-11c-ii-rgbww-led-panel-1.png","type":"image\/png"}],"twitter_card":"summary_large_image","twitter_misc":{"Arvioitu lukuaika":"2 minuuttia"},"schema":{"@context":"https:\/\/schema.org","@graph":[{"@type":"WebPage","@id":"https:\/\/mediagear.ee\/fi\/tuote\/nanlite-mixpad-11c-ii-rgbww-led-panel\/","url":"https:\/\/mediagear.ee\/fi\/tuote\/nanlite-mixpad-11c-ii-rgbww-led-panel\/","name":"NANLITE MixPad 11C II RGBWW LED Panel - MediaGear","isPartOf":{"@id":"https:\/\/mediagear.ee\/fi\/#website"},"primaryImageOfPage":{"@id":"https:\/\/mediagear.ee\/fi\/tuote\/nanlite-mixpad-11c-ii-rgbww-led-panel\/#primaryimage"},"image":{"@id":"https:\/\/mediagear.ee\/fi\/tuote\/nanlite-mixpad-11c-ii-rgbww-led-panel\/#primaryimage"},"thumbnailUrl":"https:\/\/mediagear.ee\/wp-content\/uploads\/2026\/04\/nanlite-mixpad-11c-ii-rgbww-led-panel-1.png","datePublished":"2026-04-06T12:36:49+00:00","dateModified":"2026-04-06T12:38:29+00:00","description":"Hard and Soft Light LED Panel...","breadcrumb":{"@id":"https:\/\/mediagear.ee\/fi\/tuote\/nanlite-mixpad-11c-ii-rgbww-led-panel\/#breadcrumb"},"inLanguage":"fi","potentialAction":[{"@type":"ReadAction","target":["https:\/\/mediagear.ee\/fi\/tuote\/nanlite-mixpad-11c-ii-rgbww-led-panel\/"]}]},{"@type":"ImageObject","inLanguage":"fi","@id":"https:\/\/mediagear.ee\/fi\/tuote\/nanlite-mixpad-11c-ii-rgbww-led-panel\/#primaryimage","url":"https:\/\/mediagear.ee\/wp-content\/uploads\/2026\/04\/nanlite-mixpad-11c-ii-rgbww-led-panel-1.png","contentUrl":"https:\/\/mediagear.ee\/wp-content\/uploads\/2026\/04\/nanlite-mixpad-11c-ii-rgbww-led-panel-1.png","width":792,"height":800},{"@type":"BreadcrumbList","@id":"https:\/\/mediagear.ee\/fi\/tuote\/nanlite-mixpad-11c-ii-rgbww-led-panel\/#breadcrumb","itemListElement":[{"@type":"ListItem","position":1,"name":"Home","item":"https:\/\/mediagear.ee\/fi\/"},{"@type":"ListItem","position":2,"name":"Pro video- ja \u00e4\u00e4nilaitteiden kauppa","item":"https:\/\/mediagear.ee\/fi\/kauppa\/"},{"@type":"ListItem","position":3,"name":"VALAISU","item":"https:\/\/mediagear.ee\/fi\/tuote-osasto\/lighting-fixtures-fi\/"},{"@type":"ListItem","position":4,"name":"LED-paneelit","item":"https:\/\/mediagear.ee\/fi\/tuote-osasto\/lighting-fixtures-fi\/led-panels-fi\/"},{"@type":"ListItem","position":5,"name":"NANLITE MixPad 11C II RGBWW LED Panel"}]},{"@type":"WebSite","@id":"https:\/\/mediagear.ee\/fi\/#website","url":"https:\/\/mediagear.ee\/fi\/","name":"MediaGear","description":"Full-service solutions in AV equipment","publisher":{"@id":"https:\/\/mediagear.ee\/fi\/#organization"},"potentialAction":[{"@type":"SearchAction","target":{"@type":"EntryPoint","urlTemplate":"https:\/\/mediagear.ee\/fi\/?s={search_term_string}"},"query-input":{"@type":"PropertyValueSpecification","valueRequired":true,"valueName":"search_term_string"}}],"inLanguage":"fi"},{"@type":"Organization","@id":"https:\/\/mediagear.ee\/fi\/#organization","name":"Mediagear","url":"https:\/\/mediagear.ee\/fi\/","logo":{"@type":"ImageObject","inLanguage":"fi","@id":"https:\/\/mediagear.ee\/fi\/#\/schema\/logo\/image\/","url":"http:\/\/mediagear.ee\/wp-content\/uploads\/2024\/05\/MediaGear-logo-transp.png","contentUrl":"http:\/\/mediagear.ee\/wp-content\/uploads\/2024\/05\/MediaGear-logo-transp.png","width":600,"height":200,"caption":"Mediagear"},"image":{"@id":"https:\/\/mediagear.ee\/fi\/#\/schema\/logo\/image\/"},"sameAs":["https:\/\/www.facebook.com\/Mediagear.ee\/","https:\/\/www.instagram.com\/mediagear_ee\/"]}]}},"_links":{"self":[{"href":"https:\/\/mediagear.ee\/fi\/wp-json\/wp\/v2\/product\/368420","targetHints":{"allow":["GET"]}}],"collection":[{"href":"https:\/\/mediagear.ee\/fi\/wp-json\/wp\/v2\/product"}],"about":[{"href":"https:\/\/mediagear.ee\/fi\/wp-json\/wp\/v2\/types\/product"}],"wp:featuredmedia":[{"embeddable":true,"href":"https:\/\/mediagear.ee\/fi\/wp-json\/wp\/v2\/media\/368406"}],"wp:attachment":[{"href":"https:\/\/mediagear.ee\/fi\/wp-json\/wp\/v2\/media?parent=368420"}],"wp:term":[{"taxonomy":"brand","embeddable":true,"href":"https:\/\/mediagear.ee\/fi\/wp-json\/wp\/v2\/brand?post=368420"},{"taxonomy":"product_cat","embeddable":true,"href":"https:\/\/mediagear.ee\/fi\/wp-json\/wp\/v2\/product_cat?post=368420"},{"taxonomy":"product_tag","embeddable":true,"href":"https:\/\/mediagear.ee\/fi\/wp-json\/wp\/v2\/product_tag?post=368420"},{"taxonomy":"inventory","embeddable":true,"href":"https:\/\/mediagear.ee\/fi\/wp-json\/wp\/v2\/inventory?post=368420"}],"curies":[{"name":"wp","href":"https:\/\/api.w.org\/{rel}","templated":true}]}}