{"id":376955,"date":"2026-05-11T14:10:58","date_gmt":"2026-05-11T11:10:58","guid":{"rendered":"https:\/\/mediagear.ee\/product\/digipower-follow-me-vlogging-kit-6a01b94dda1df\/"},"modified":"2026-05-11T14:11:10","modified_gmt":"2026-05-11T11:11:10","slug":"digipower-follow-me-vlogging-kit-6a01b94dda1df","status":"publish","type":"product","link":"https:\/\/mediagear.ee\/fi\/tuote\/digipower-follow-me-vlogging-kit-6a01b94dda1df\/","title":{"rendered":"DIGIPOWER Follow Me Vlogging kit"},"content":{"rendered":"<p>Universaalne mikrofon, mis t\u00f6\u00f6tab iga nutitelefoni v\u00f5i kaameraga; valgusti, millel on 36 v\u00e4ga eredat LED pirni, ja universaalse kinnitusega lauale kinnituv statiiv, mis sobib suurep\u00e4raselt mistahes kaamera jaoks (DSLR, peeglita, seikluskaamerad).<\/p>\n<p><strong>NB!<\/strong><\/p>\n<p>iPhone 7 ja uuemate kasutamisel \u00fchendage 3,5 mm \u2013 Lightning adapter (ei sisaldu komplektis) k\u00f5igepealt enda telefoniga ning seej\u00e4rel alles adapter mikrofoniga.<\/p>\n<p>USB-C pesaga Android seadmetega kasutamisel, millel ei ole 3,5 mm pesa, \u00fchendage USB-C \u2013 3,5 mm adapter (ei sisaldu komplektis) k\u00f5igepealt enda nutiseadmega ning seej\u00e4rel mikrofoniga.<\/p>\n<p><strong>Komplektis sisalduvad:<\/strong><\/p>\n<ul>\n<li>Ministatiiv<\/li>\n<li>Nutitelefoni kinnitus videode tegemiseks<\/li>\n<li>Universaalne Shotgun mikrofon<\/li>\n<li>Pult katiku kontrollimiseks (Bluetooth)<\/li>\n<li>36 LED pirniga videovalgusti<\/li>\n<\/ul>\n","protected":false},"excerpt":{"rendered":"<p>The Follow Me Vlogging Kit features a Smartphone grip with smooth rubber finish for better handling and a built in wireless remote that works up to a 30ft (9 meter) distance.<\/p>\n","protected":false},"featured_media":376941,"template":"","meta":{"_acf_changed":false},"brand":[6021],"product_cat":[6132],"product_tag":[],"inventory":[],"class_list":{"0":"post-376955","1":"product","2":"type-product","3":"status-publish","4":"has-post-thumbnail","6":"brand-mediagear-fi","7":"product_cat-mobile-accessories-fi","9":"first","10":"onbackorder","11":"taxable","12":"shipping-taxable","13":"purchasable","14":"product-type-simple"},"acf":[],"yoast_head":"<!-- This site is optimized with the Yoast SEO plugin v27.5 - https:\/\/yoast.com\/product\/yoast-seo-wordpress\/ -->\n<title>DIGIPOWER Follow Me Vlogging kit - MediaGear<\/title>\n<meta name=\"description\" content=\"The Follow Me Vlogging Kit features a Smartphone grip with smooth rubber finish for better handling and a built in wireless remote that works up to...\" \/>\n<meta name=\"robots\" content=\"index, follow, max-snippet:-1, max-image-preview:large, max-video-preview:-1\" \/>\n<link rel=\"canonical\" href=\"https:\/\/mediagear.ee\/fi\/tuote\/digipower-follow-me-vlogging-kit-6a01b94dda1df\/\" \/>\n<meta property=\"og:locale\" content=\"fi_FI\" \/>\n<meta property=\"og:type\" content=\"article\" \/>\n<meta property=\"og:title\" content=\"DIGIPOWER Follow Me Vlogging kit - MediaGear\" \/>\n<meta property=\"og:description\" content=\"The Follow Me Vlogging Kit features a Smartphone grip with smooth rubber finish for better handling and a built in wireless remote that works up to...\" \/>\n<meta property=\"og:url\" content=\"https:\/\/mediagear.ee\/fi\/tuote\/digipower-follow-me-vlogging-kit-6a01b94dda1df\/\" \/>\n<meta property=\"og:site_name\" content=\"MediaGear\" \/>\n<meta property=\"article:publisher\" content=\"https:\/\/www.facebook.com\/Mediagear.ee\/\" \/>\n<meta property=\"article:modified_time\" content=\"2026-05-11T11:11:10+00:00\" \/>\n<meta property=\"og:image\" content=\"https:\/\/mediagear.ee\/wp-content\/uploads\/2026\/05\/digipower-follow-me-vlogging-kit-1.png\" \/>\n\t<meta property=\"og:image:width\" content=\"588\" \/>\n\t<meta property=\"og:image:height\" content=\"800\" \/>\n\t<meta property=\"og:image:type\" content=\"image\/png\" \/>\n<meta name=\"twitter:card\" content=\"summary_large_image\" \/>\n<script type=\"application\/ld+json\" class=\"yoast-schema-graph\">{\"@context\":\"https:\\\/\\\/schema.org\",\"@graph\":[{\"@type\":\"WebPage\",\"@id\":\"https:\\\/\\\/mediagear.ee\\\/fi\\\/tuote\\\/digipower-follow-me-vlogging-kit-6a01b94dda1df\\\/\",\"url\":\"https:\\\/\\\/mediagear.ee\\\/fi\\\/tuote\\\/digipower-follow-me-vlogging-kit-6a01b94dda1df\\\/\",\"name\":\"DIGIPOWER Follow Me Vlogging kit - MediaGear\",\"isPartOf\":{\"@id\":\"https:\\\/\\\/mediagear.ee\\\/fi\\\/#website\"},\"primaryImageOfPage\":{\"@id\":\"https:\\\/\\\/mediagear.ee\\\/fi\\\/tuote\\\/digipower-follow-me-vlogging-kit-6a01b94dda1df\\\/#primaryimage\"},\"image\":{\"@id\":\"https:\\\/\\\/mediagear.ee\\\/fi\\\/tuote\\\/digipower-follow-me-vlogging-kit-6a01b94dda1df\\\/#primaryimage\"},\"thumbnailUrl\":\"https:\\\/\\\/mediagear.ee\\\/wp-content\\\/uploads\\\/2026\\\/05\\\/digipower-follow-me-vlogging-kit-1.png\",\"datePublished\":\"2026-05-11T11:10:58+00:00\",\"dateModified\":\"2026-05-11T11:11:10+00:00\",\"description\":\"The Follow Me Vlogging Kit features a Smartphone grip with smooth rubber finish for better handling and a built in wireless remote that works up to...\",\"breadcrumb\":{\"@id\":\"https:\\\/\\\/mediagear.ee\\\/fi\\\/tuote\\\/digipower-follow-me-vlogging-kit-6a01b94dda1df\\\/#breadcrumb\"},\"inLanguage\":\"fi\",\"potentialAction\":[{\"@type\":\"ReadAction\",\"target\":[\"https:\\\/\\\/mediagear.ee\\\/fi\\\/tuote\\\/digipower-follow-me-vlogging-kit-6a01b94dda1df\\\/\"]}]},{\"@type\":\"ImageObject\",\"inLanguage\":\"fi\",\"@id\":\"https:\\\/\\\/mediagear.ee\\\/fi\\\/tuote\\\/digipower-follow-me-vlogging-kit-6a01b94dda1df\\\/#primaryimage\",\"url\":\"https:\\\/\\\/mediagear.ee\\\/wp-content\\\/uploads\\\/2026\\\/05\\\/digipower-follow-me-vlogging-kit-1.png\",\"contentUrl\":\"https:\\\/\\\/mediagear.ee\\\/wp-content\\\/uploads\\\/2026\\\/05\\\/digipower-follow-me-vlogging-kit-1.png\",\"width\":588,\"height\":800},{\"@type\":\"BreadcrumbList\",\"@id\":\"https:\\\/\\\/mediagear.ee\\\/fi\\\/tuote\\\/digipower-follow-me-vlogging-kit-6a01b94dda1df\\\/#breadcrumb\",\"itemListElement\":[{\"@type\":\"ListItem\",\"position\":1,\"name\":\"Home\",\"item\":\"https:\\\/\\\/mediagear.ee\\\/fi\\\/\"},{\"@type\":\"ListItem\",\"position\":2,\"name\":\"Pro video- ja \u00e4\u00e4nilaitteiden kauppa\",\"item\":\"https:\\\/\\\/mediagear.ee\\\/fi\\\/kauppa\\\/\"},{\"@type\":\"ListItem\",\"position\":3,\"name\":\"RIGGING &amp; GRIP\",\"item\":\"https:\\\/\\\/mediagear.ee\\\/fi\\\/tuote-osasto\\\/rigging-grip-fi\\\/\"},{\"@type\":\"ListItem\",\"position\":4,\"name\":\"K\u00e4nnykk\u00e4varusteet\",\"item\":\"https:\\\/\\\/mediagear.ee\\\/fi\\\/tuote-osasto\\\/rigging-grip-fi\\\/mobile-accessories-fi\\\/\"},{\"@type\":\"ListItem\",\"position\":5,\"name\":\"DIGIPOWER Follow Me Vlogging kit\"}]},{\"@type\":\"WebSite\",\"@id\":\"https:\\\/\\\/mediagear.ee\\\/fi\\\/#website\",\"url\":\"https:\\\/\\\/mediagear.ee\\\/fi\\\/\",\"name\":\"MediaGear\",\"description\":\"Full-service solutions in AV equipment\",\"publisher\":{\"@id\":\"https:\\\/\\\/mediagear.ee\\\/fi\\\/#organization\"},\"potentialAction\":[{\"@type\":\"SearchAction\",\"target\":{\"@type\":\"EntryPoint\",\"urlTemplate\":\"https:\\\/\\\/mediagear.ee\\\/fi\\\/?s={search_term_string}\"},\"query-input\":{\"@type\":\"PropertyValueSpecification\",\"valueRequired\":true,\"valueName\":\"search_term_string\"}}],\"inLanguage\":\"fi\"},{\"@type\":\"Organization\",\"@id\":\"https:\\\/\\\/mediagear.ee\\\/fi\\\/#organization\",\"name\":\"Mediagear\",\"url\":\"https:\\\/\\\/mediagear.ee\\\/fi\\\/\",\"logo\":{\"@type\":\"ImageObject\",\"inLanguage\":\"fi\",\"@id\":\"https:\\\/\\\/mediagear.ee\\\/fi\\\/#\\\/schema\\\/logo\\\/image\\\/\",\"url\":\"http:\\\/\\\/mediagear.ee\\\/wp-content\\\/uploads\\\/2024\\\/05\\\/MediaGear-logo-transp.png\",\"contentUrl\":\"http:\\\/\\\/mediagear.ee\\\/wp-content\\\/uploads\\\/2024\\\/05\\\/MediaGear-logo-transp.png\",\"width\":600,\"height\":200,\"caption\":\"Mediagear\"},\"image\":{\"@id\":\"https:\\\/\\\/mediagear.ee\\\/fi\\\/#\\\/schema\\\/logo\\\/image\\\/\"},\"sameAs\":[\"https:\\\/\\\/www.facebook.com\\\/Mediagear.ee\\\/\",\"https:\\\/\\\/www.instagram.com\\\/mediagear_ee\\\/\"]}]}<\/script>\n<!-- \/ Yoast SEO plugin. -->","yoast_head_json":{"title":"DIGIPOWER Follow Me Vlogging kit - MediaGear","description":"The Follow Me Vlogging Kit features a Smartphone grip with smooth rubber finish for better handling and a built in wireless remote that works up to...","robots":{"index":"index","follow":"follow","max-snippet":"max-snippet:-1","max-image-preview":"max-image-preview:large","max-video-preview":"max-video-preview:-1"},"canonical":"https:\/\/mediagear.ee\/fi\/tuote\/digipower-follow-me-vlogging-kit-6a01b94dda1df\/","og_locale":"fi_FI","og_type":"article","og_title":"DIGIPOWER Follow Me Vlogging kit - MediaGear","og_description":"The Follow Me Vlogging Kit features a Smartphone grip with smooth rubber finish for better handling and a built in wireless remote that works up to...","og_url":"https:\/\/mediagear.ee\/fi\/tuote\/digipower-follow-me-vlogging-kit-6a01b94dda1df\/","og_site_name":"MediaGear","article_publisher":"https:\/\/www.facebook.com\/Mediagear.ee\/","article_modified_time":"2026-05-11T11:11:10+00:00","og_image":[{"width":588,"height":800,"url":"https:\/\/mediagear.ee\/wp-content\/uploads\/2026\/05\/digipower-follow-me-vlogging-kit-1.png","type":"image\/png"}],"twitter_card":"summary_large_image","schema":{"@context":"https:\/\/schema.org","@graph":[{"@type":"WebPage","@id":"https:\/\/mediagear.ee\/fi\/tuote\/digipower-follow-me-vlogging-kit-6a01b94dda1df\/","url":"https:\/\/mediagear.ee\/fi\/tuote\/digipower-follow-me-vlogging-kit-6a01b94dda1df\/","name":"DIGIPOWER Follow Me Vlogging kit - MediaGear","isPartOf":{"@id":"https:\/\/mediagear.ee\/fi\/#website"},"primaryImageOfPage":{"@id":"https:\/\/mediagear.ee\/fi\/tuote\/digipower-follow-me-vlogging-kit-6a01b94dda1df\/#primaryimage"},"image":{"@id":"https:\/\/mediagear.ee\/fi\/tuote\/digipower-follow-me-vlogging-kit-6a01b94dda1df\/#primaryimage"},"thumbnailUrl":"https:\/\/mediagear.ee\/wp-content\/uploads\/2026\/05\/digipower-follow-me-vlogging-kit-1.png","datePublished":"2026-05-11T11:10:58+00:00","dateModified":"2026-05-11T11:11:10+00:00","description":"The Follow Me Vlogging Kit features a Smartphone grip with smooth rubber finish for better handling and a built in wireless remote that works up to...","breadcrumb":{"@id":"https:\/\/mediagear.ee\/fi\/tuote\/digipower-follow-me-vlogging-kit-6a01b94dda1df\/#breadcrumb"},"inLanguage":"fi","potentialAction":[{"@type":"ReadAction","target":["https:\/\/mediagear.ee\/fi\/tuote\/digipower-follow-me-vlogging-kit-6a01b94dda1df\/"]}]},{"@type":"ImageObject","inLanguage":"fi","@id":"https:\/\/mediagear.ee\/fi\/tuote\/digipower-follow-me-vlogging-kit-6a01b94dda1df\/#primaryimage","url":"https:\/\/mediagear.ee\/wp-content\/uploads\/2026\/05\/digipower-follow-me-vlogging-kit-1.png","contentUrl":"https:\/\/mediagear.ee\/wp-content\/uploads\/2026\/05\/digipower-follow-me-vlogging-kit-1.png","width":588,"height":800},{"@type":"BreadcrumbList","@id":"https:\/\/mediagear.ee\/fi\/tuote\/digipower-follow-me-vlogging-kit-6a01b94dda1df\/#breadcrumb","itemListElement":[{"@type":"ListItem","position":1,"name":"Home","item":"https:\/\/mediagear.ee\/fi\/"},{"@type":"ListItem","position":2,"name":"Pro video- ja \u00e4\u00e4nilaitteiden kauppa","item":"https:\/\/mediagear.ee\/fi\/kauppa\/"},{"@type":"ListItem","position":3,"name":"RIGGING &amp; GRIP","item":"https:\/\/mediagear.ee\/fi\/tuote-osasto\/rigging-grip-fi\/"},{"@type":"ListItem","position":4,"name":"K\u00e4nnykk\u00e4varusteet","item":"https:\/\/mediagear.ee\/fi\/tuote-osasto\/rigging-grip-fi\/mobile-accessories-fi\/"},{"@type":"ListItem","position":5,"name":"DIGIPOWER Follow Me Vlogging kit"}]},{"@type":"WebSite","@id":"https:\/\/mediagear.ee\/fi\/#website","url":"https:\/\/mediagear.ee\/fi\/","name":"MediaGear","description":"Full-service solutions in AV equipment","publisher":{"@id":"https:\/\/mediagear.ee\/fi\/#organization"},"potentialAction":[{"@type":"SearchAction","target":{"@type":"EntryPoint","urlTemplate":"https:\/\/mediagear.ee\/fi\/?s={search_term_string}"},"query-input":{"@type":"PropertyValueSpecification","valueRequired":true,"valueName":"search_term_string"}}],"inLanguage":"fi"},{"@type":"Organization","@id":"https:\/\/mediagear.ee\/fi\/#organization","name":"Mediagear","url":"https:\/\/mediagear.ee\/fi\/","logo":{"@type":"ImageObject","inLanguage":"fi","@id":"https:\/\/mediagear.ee\/fi\/#\/schema\/logo\/image\/","url":"http:\/\/mediagear.ee\/wp-content\/uploads\/2024\/05\/MediaGear-logo-transp.png","contentUrl":"http:\/\/mediagear.ee\/wp-content\/uploads\/2024\/05\/MediaGear-logo-transp.png","width":600,"height":200,"caption":"Mediagear"},"image":{"@id":"https:\/\/mediagear.ee\/fi\/#\/schema\/logo\/image\/"},"sameAs":["https:\/\/www.facebook.com\/Mediagear.ee\/","https:\/\/www.instagram.com\/mediagear_ee\/"]}]}},"_links":{"self":[{"href":"https:\/\/mediagear.ee\/fi\/wp-json\/wp\/v2\/product\/376955","targetHints":{"allow":["GET"]}}],"collection":[{"href":"https:\/\/mediagear.ee\/fi\/wp-json\/wp\/v2\/product"}],"about":[{"href":"https:\/\/mediagear.ee\/fi\/wp-json\/wp\/v2\/types\/product"}],"wp:featuredmedia":[{"embeddable":true,"href":"https:\/\/mediagear.ee\/fi\/wp-json\/wp\/v2\/media\/376941"}],"wp:attachment":[{"href":"https:\/\/mediagear.ee\/fi\/wp-json\/wp\/v2\/media?parent=376955"}],"wp:term":[{"taxonomy":"brand","embeddable":true,"href":"https:\/\/mediagear.ee\/fi\/wp-json\/wp\/v2\/brand?post=376955"},{"taxonomy":"product_cat","embeddable":true,"href":"https:\/\/mediagear.ee\/fi\/wp-json\/wp\/v2\/product_cat?post=376955"},{"taxonomy":"product_tag","embeddable":true,"href":"https:\/\/mediagear.ee\/fi\/wp-json\/wp\/v2\/product_tag?post=376955"},{"taxonomy":"inventory","embeddable":true,"href":"https:\/\/mediagear.ee\/fi\/wp-json\/wp\/v2\/inventory?post=376955"}],"curies":[{"name":"wp","href":"https:\/\/api.w.org\/{rel}","templated":true}]}}